{"id":25,"date":"2024-11-14T08:43:59","date_gmt":"2024-11-14T07:43:59","guid":{"rendered":"http:\/\/localhost\/wedding\/?page_id=25"},"modified":"2024-11-26T10:01:07","modified_gmt":"2024-11-26T09:01:07","slug":"home","status":"publish","type":"page","link":"https:\/\/sepa.dyndns.biz\/wedding\/","title":{"rendered":""},"content":{"rendered":"\n<div class=\"wp-block-group alignfull is-layout-constrained wp-block-group-is-layout-constrained\">\n<div class=\"wp-block-group alignfull is-layout-flow wp-block-group-is-layout-flow\">\n<h1 class=\"wp-block-heading has-text-align-center has-foreground-color has-text-color\" style=\"font-style:normal;font-weight:700\">Unsere Hochzeit<\/h1>\n\n\n\n<p class=\"has-text-align-center\">Liebe G\u00e4ste,<\/p>\n\n\n\n<p class=\"has-text-align-center\">wir m\u00f6chten uns herzlich bei euch bedanken, dass ihr diesen sch\u00f6nen Tag mit uns auf der Burg Reichenstein gefeiert habt.<\/p>\n\n\n\n<p class=\"has-text-align-center\">Unten findet ihr das Video unserer freien Trauung, dem Hochzeitstanz und eine Auswahl der sch\u00f6nsten Fotos unserer Hochzeit. <\/p>\n\n\n\n<p class=\"has-text-align-center\">Au\u00dferdem sind darunter unsere drei Bildergalerien mit allen Bildern und die Option diese komplett zu downloaden.<\/p>\n<\/div>\n<\/div>\n\n\n\n<div class=\"wp-block-group alignfull is-layout-flow wp-block-group-is-layout-flow\" id=\"services\" style=\"padding-top:144px;padding-bottom:0px\">\n<h2 class=\"wp-block-heading\">Unsere Videos<\/h2>\n\n\n\n<div class=\"wp-block-columns alignwide is-layout-flex wp-container-core-columns-is-layout-1 wp-block-columns-is-layout-flex\" style=\"margin-top:50px\">\n<div class=\"wp-block-column is-layout-flow wp-container-core-column-is-layout-1 wp-block-column-is-layout-flow\">\n<div style=\"max-width: 800px; width: 100%; aspect-ratio: 16\/9; max-height: 600px; overflow: hidden;\">\n    <iframe \n        src=\"https:\/\/www.youtube.com\/embed\/mIdTxlaQfGk?si=5dXa64g9Nsx-eXCZ\" \n        title=\"YouTube video player\"\n        frameborder=\"0\"\n        allow=\"accelerometer; autoplay; clipboard-write; encrypted-media; gyroscope; picture-in-picture; web-share\"\n        allowfullscreen\n        style=\"width: 100%; height: 100%; border: 0;\"\n        referrerpolicy=\"strict-origin-when-cross-origin\">\n    <\/iframe>\n<\/div>\n\n\n\n<p class=\"has-small-font-size\">Unsere Trauung<\/p>\n<\/div>\n\n\n\n<div class=\"wp-block-column is-layout-flow wp-container-core-column-is-layout-2 wp-block-column-is-layout-flow\">\n<div style=\"max-width: 800px; width: 100%; aspect-ratio: 16\/9; max-height: 600px; overflow: hidden;\">\n    <iframe \n        src=\"https:\/\/www.youtube.com\/embed\/nmi6aiyFOWE?si=NPpjqOrUjvkB_hb5\" \n        title=\"YouTube video player\"\n        frameborder=\"0\"\n        allow=\"accelerometer; autoplay; clipboard-write; encrypted-media; gyroscope; picture-in-picture; web-share\"\n        allowfullscreen\n        style=\"width: 100%; height: 100%; border: 0;\"\n        referrerpolicy=\"strict-origin-when-cross-origin\">\n    <\/iframe>\n<\/div>\n\n\n\n<p class=\"has-foreground-color has-text-color has-link-color has-small-font-size wp-elements-f2850de2e5da13bf5871c94041cee787\">Unser Hochzeitstanz<\/p>\n<\/div>\n\n\n\n<div class=\"wp-block-column is-layout-flow wp-container-core-column-is-layout-3 wp-block-column-is-layout-flow\">\n<div style=\"max-width: 800px; width: 100%; aspect-ratio: 16\/9; max-height: 600px; overflow: hidden;\">\n    <iframe \n        src=\"https:\/\/www.youtube.com\/embed\/DIehwG7kpA0?si=aPwJfdrR6b6KJ5ZZ\" \n        title=\"YouTube video player\"\n        frameborder=\"0\"\n        allow=\"accelerometer; autoplay; clipboard-write; encrypted-media; gyroscope; picture-in-picture; web-share\"\n        allowfullscreen\n        style=\"width: 100%; height: 100%; border: 0;\"\n        referrerpolicy=\"strict-origin-when-cross-origin\">\n    <\/iframe>\n<\/div>\n\n\n\n<p class=\"has-foreground-color has-text-color has-link-color has-small-font-size wp-elements-9bd1f4ccb6f5678ced7f96591eabb6bd\">Diashow vom Fotografen<\/p>\n<\/div>\n<\/div>\n<\/div>\n\n\n\n<div class=\"wp-block-group alignfull is-layout-flow wp-block-group-is-layout-flow\" id=\"services\" style=\"padding-top:144px;padding-bottom:0px\">\n<h2 class=\"wp-block-heading\">Unsere Lieblingsbilder<\/h2>\n\n\n\n<figure class=\"wp-block-gallery has-nested-images columns-default is-cropped wp-block-gallery-2 is-layout-flex wp-block-gallery-is-layout-flex\">\n<figure class=\"wp-block-image size-full\"><a href=\"https:\/\/sepa.dyndns.biz\/wedding\/wp-content\/uploads\/2024\/11\/Jana-und-Peter_Getting-Ready-148.jpg\" target=\"_blank\" rel=\"noopener\"><img loading=\"lazy\" decoding=\"async\" width=\"2000\" height=\"1333\" src=\"https:\/\/sepa.dyndns.biz\/wedding\/wp-content\/uploads\/2024\/11\/Jana-und-Peter_Getting-Ready-148.jpg\" alt=\"\" class=\"wp-image-154\"\/><\/a><\/figure>\n\n\n\n<figure class=\"wp-block-image size-full\"><a href=\"https:\/\/sepa.dyndns.biz\/wedding\/wp-content\/uploads\/2024\/11\/Jana-und-Peter_Portraits-11.jpg\" target=\"_blank\" rel=\"noopener\"><img loading=\"lazy\" decoding=\"async\" width=\"2000\" height=\"1333\" src=\"https:\/\/sepa.dyndns.biz\/wedding\/wp-content\/uploads\/2024\/11\/Jana-und-Peter_Portraits-11.jpg\" alt=\"\" class=\"wp-image-167\"\/><\/a><\/figure>\n\n\n\n<figure class=\"wp-block-image size-full\"><a href=\"https:\/\/sepa.dyndns.biz\/wedding\/wp-content\/uploads\/2024\/11\/Jana-und-Peter_Portraits-663.jpg\" target=\"_blank\" rel=\"noopener\"><img loading=\"lazy\" decoding=\"async\" width=\"2000\" height=\"1333\" src=\"https:\/\/sepa.dyndns.biz\/wedding\/wp-content\/uploads\/2024\/11\/Jana-und-Peter_Portraits-663.jpg\" alt=\"\" class=\"wp-image-159\"\/><\/a><\/figure>\n\n\n\n<figure class=\"wp-block-image size-full\"><a href=\"https:\/\/sepa.dyndns.biz\/wedding\/wp-content\/uploads\/2024\/11\/Jana-und-Peter_Portraits-827.jpg\" target=\"_blank\" rel=\"noopener\"><img loading=\"lazy\" decoding=\"async\" width=\"1333\" height=\"2000\" src=\"https:\/\/sepa.dyndns.biz\/wedding\/wp-content\/uploads\/2024\/11\/Jana-und-Peter_Portraits-827.jpg\" alt=\"\" class=\"wp-image-162\"\/><\/a><\/figure>\n\n\n\n<figure class=\"wp-block-image size-full\"><a href=\"https:\/\/sepa.dyndns.biz\/wedding\/wp-content\/uploads\/2024\/11\/Jana-und-Peter_Portraits-42.jpg\" target=\"_blank\" rel=\"noopener\"><img loading=\"lazy\" decoding=\"async\" width=\"2000\" height=\"1333\" src=\"https:\/\/sepa.dyndns.biz\/wedding\/wp-content\/uploads\/2024\/11\/Jana-und-Peter_Portraits-42.jpg\" alt=\"\" class=\"wp-image-156\"\/><\/a><\/figure>\n\n\n\n<figure class=\"wp-block-image size-full\"><a href=\"https:\/\/sepa.dyndns.biz\/wedding\/wp-content\/uploads\/2024\/11\/Jana-und-Peter_Getting-Ready-201.jpg\" target=\"_blank\" rel=\"noopener\"><img loading=\"lazy\" decoding=\"async\" width=\"2000\" height=\"1333\" src=\"https:\/\/sepa.dyndns.biz\/wedding\/wp-content\/uploads\/2024\/11\/Jana-und-Peter_Getting-Ready-201.jpg\" alt=\"\" class=\"wp-image-153\"\/><\/a><\/figure>\n\n\n\n<figure class=\"wp-block-image size-full\"><a href=\"https:\/\/sepa.dyndns.biz\/wedding\/wp-content\/uploads\/2024\/11\/Jana-und-Peter_Portraits-677.jpg\" target=\"_blank\" rel=\"noopener\"><img loading=\"lazy\" decoding=\"async\" width=\"1333\" height=\"2000\" src=\"https:\/\/sepa.dyndns.biz\/wedding\/wp-content\/uploads\/2024\/11\/Jana-und-Peter_Portraits-677.jpg\" alt=\"\" class=\"wp-image-160\"\/><\/a><\/figure>\n\n\n\n<figure class=\"wp-block-image size-full\"><a href=\"https:\/\/sepa.dyndns.biz\/wedding\/wp-content\/uploads\/2024\/11\/Jana-und-Peter_Portraits-397_2.jpg\" target=\"_blank\" rel=\"noopener\"><img loading=\"lazy\" decoding=\"async\" width=\"2000\" height=\"2000\" src=\"https:\/\/sepa.dyndns.biz\/wedding\/wp-content\/uploads\/2024\/11\/Jana-und-Peter_Portraits-397_2.jpg\" alt=\"\" class=\"wp-image-157\"\/><\/a><\/figure>\n\n\n\n<figure class=\"wp-block-image size-full\"><a href=\"https:\/\/sepa.dyndns.biz\/wedding\/wp-content\/uploads\/2024\/11\/Jana-und-Peter_Portraits-726.jpg\" target=\"_blank\" rel=\"noopener\"><img loading=\"lazy\" decoding=\"async\" width=\"2000\" height=\"1333\" src=\"https:\/\/sepa.dyndns.biz\/wedding\/wp-content\/uploads\/2024\/11\/Jana-und-Peter_Portraits-726.jpg\" alt=\"\" class=\"wp-image-161\"\/><\/a><\/figure>\n\n\n\n<figure class=\"wp-block-image size-full\"><a href=\"https:\/\/sepa.dyndns.biz\/wedding\/wp-content\/uploads\/2024\/11\/Jana-und-Peter_Trauung-40.jpg\" target=\"_blank\" rel=\"noopener\"><img loading=\"lazy\" decoding=\"async\" width=\"2000\" height=\"1333\" src=\"https:\/\/sepa.dyndns.biz\/wedding\/wp-content\/uploads\/2024\/11\/Jana-und-Peter_Trauung-40.jpg\" alt=\"\" class=\"wp-image-155\"\/><\/a><\/figure>\n\n\n\n<figure class=\"wp-block-image size-full\"><a href=\"https:\/\/sepa.dyndns.biz\/wedding\/wp-content\/uploads\/2024\/11\/Jana-und-Peter_Portraits-140.jpg\" target=\"_blank\" rel=\"noopener\"><img loading=\"lazy\" decoding=\"async\" width=\"1333\" height=\"2000\" src=\"https:\/\/sepa.dyndns.biz\/wedding\/wp-content\/uploads\/2024\/11\/Jana-und-Peter_Portraits-140.jpg\" alt=\"\" class=\"wp-image-169\"\/><\/a><\/figure>\n\n\n\n<figure class=\"wp-block-image size-full\"><a href=\"https:\/\/sepa.dyndns.biz\/wedding\/wp-content\/uploads\/2024\/11\/Jana-und-Peter_Portraits-199.jpg\" target=\"_blank\" rel=\"noopener\"><img loading=\"lazy\" decoding=\"async\" width=\"2000\" height=\"1333\" src=\"https:\/\/sepa.dyndns.biz\/wedding\/wp-content\/uploads\/2024\/11\/Jana-und-Peter_Portraits-199.jpg\" alt=\"\" class=\"wp-image-168\"\/><\/a><\/figure>\n\n\n\n<figure class=\"wp-block-image size-full\"><a href=\"https:\/\/sepa.dyndns.biz\/wedding\/wp-content\/uploads\/2024\/11\/Jana-und-Peter_Portraits-495.jpg\" target=\"_blank\" rel=\"noopener\"><img loading=\"lazy\" decoding=\"async\" width=\"1333\" height=\"2000\" src=\"https:\/\/sepa.dyndns.biz\/wedding\/wp-content\/uploads\/2024\/11\/Jana-und-Peter_Portraits-495.jpg\" alt=\"\" class=\"wp-image-158\"\/><\/a><\/figure>\n<\/figure>\n<\/div>\n\n\n\n<div class=\"wp-block-group alignfull is-layout-flow wp-block-group-is-layout-flow\" id=\"services\" style=\"padding-top:144px;padding-bottom:0px\">\n<h2 class=\"wp-block-heading\">Unsere Bildergallerien<\/h2>\n\n\n\n<div class=\"wp-block-columns is-layout-flex wp-container-core-columns-is-layout-2 wp-block-columns-is-layout-flex\" style=\"margin-top:50px\">\n<div class=\"wp-block-column is-vertically-aligned-top is-layout-flow wp-container-core-column-is-layout-4 wp-block-column-is-layout-flow\">\n<div class=\"wp-block-group is-layout-constrained wp-block-group-is-layout-constrained\">\n<figure class=\"wp-block-image size-full\"><a href=\"https:\/\/sepa.dyndns.biz\/wedding\/gettingreadybilder\/\"><img loading=\"lazy\" decoding=\"async\" width=\"600\" height=\"800\" src=\"https:\/\/sepa.dyndns.biz\/wedding\/wp-content\/uploads\/2024\/11\/gettingready.jpg\" alt=\"\" class=\"wp-image-121\"\/><\/a><\/figure>\n\n\n\n<h3 class=\"wp-block-heading has-text-align-left\" style=\"margin-top:16px\">Getting Ready<\/h3>\n\n\n\n<div class=\"wp-block-buttons is-content-justification-left is-layout-flex wp-container-core-buttons-is-layout-1 wp-block-buttons-is-layout-flex\">\n<div class=\"wp-block-button\"><a class=\"wp-block-button__link wp-element-button\" href=\"https:\/\/sepa.dyndns.biz\/wedding\/gettingreadybilder\/GettingReady.zip\">Alle Bilder als ZIP-Datei downloaden<\/a><\/div>\n<\/div>\n<\/div>\n<\/div>\n\n\n\n<div class=\"wp-block-column is-layout-flow wp-container-core-column-is-layout-5 wp-block-column-is-layout-flow\">\n<div class=\"wp-block-group is-layout-constrained wp-block-group-is-layout-constrained\">\n<figure class=\"wp-block-image size-full\"><a href=\"https:\/\/sepa.dyndns.biz\/wedding\/trauungsbilder\/\"><img loading=\"lazy\" decoding=\"async\" width=\"600\" height=\"800\" src=\"https:\/\/sepa.dyndns.biz\/wedding\/wp-content\/uploads\/2024\/11\/trauung.jpg\" alt=\"\" class=\"wp-image-125\"\/><\/a><\/figure>\n\n\n\n<h3 class=\"wp-block-heading\" style=\"margin-top:16px\">Trauung<\/h3>\n\n\n\n<div class=\"wp-block-buttons is-layout-flex wp-block-buttons-is-layout-flex\">\n<div class=\"wp-block-button\"><a class=\"wp-block-button__link wp-element-button\" href=\"https:\/\/sepa.dyndns.biz\/wedding\/trauungsbilder\/Trauung.zip\">Alle Bilder als ZIP-Datei downloaden<\/a><\/div>\n<\/div>\n<\/div>\n<\/div>\n\n\n\n<div class=\"wp-block-column is-layout-flow wp-container-core-column-is-layout-6 wp-block-column-is-layout-flow\">\n<div class=\"wp-block-group is-layout-constrained wp-block-group-is-layout-constrained\">\n<figure class=\"wp-block-image size-full\"><a href=\"https:\/\/sepa.dyndns.biz\/wedding\/feierbilder\/\"><img loading=\"lazy\" decoding=\"async\" width=\"600\" height=\"800\" src=\"https:\/\/sepa.dyndns.biz\/wedding\/wp-content\/uploads\/2024\/11\/feierbilder.jpg\" alt=\"\" class=\"wp-image-144\"\/><\/a><\/figure>\n\n\n\n<h3 class=\"wp-block-heading\" style=\"margin-top:16px\">Feier<\/h3>\n\n\n\n<div class=\"wp-block-buttons is-layout-flex wp-block-buttons-is-layout-flex\">\n<div class=\"wp-block-button\"><a class=\"wp-block-button__link wp-element-button\" href=\"https:\/\/sepa.dyndns.biz\/wedding\/feierbilder\/feier.zip\">Alle Bilder als ZIP-Datei downloaden<\/a><\/div>\n<\/div>\n<\/div>\n<\/div>\n<\/div>\n\n\n\n<div class=\"wp-block-columns is-layout-flex wp-container-core-columns-is-layout-3 wp-block-columns-is-layout-flex\">\n<div class=\"wp-block-column is-layout-flow wp-container-core-column-is-layout-7 wp-block-column-is-layout-flow\">\n<div class=\"wp-block-group is-layout-constrained wp-block-group-is-layout-constrained\">\n<figure class=\"wp-block-image size-full\"><a href=\"https:\/\/sepa.dyndns.biz\/wedding\/potraibilder\/\"><img loading=\"lazy\" decoding=\"async\" width=\"600\" height=\"800\" src=\"https:\/\/sepa.dyndns.biz\/wedding\/wp-content\/uploads\/2024\/11\/potraibilder.jpg\" alt=\"\" class=\"wp-image-150\"\/><\/a><\/figure>\n\n\n\n<h3 class=\"wp-block-heading\" style=\"margin-top:16px\">Potraits<\/h3>\n\n\n\n<div class=\"wp-block-buttons is-layout-flex wp-block-buttons-is-layout-flex\">\n<div class=\"wp-block-button\"><a class=\"wp-block-button__link wp-element-button\" href=\"https:\/\/sepa.dyndns.biz\/wedding\/potraibilder\/Portraits.zip\">Alle Bilder als ZIP-Datei downloaden<\/a><\/div>\n<\/div>\n<\/div>\n<\/div>\n\n\n\n<div class=\"wp-block-column is-layout-flow wp-container-core-column-is-layout-8 wp-block-column-is-layout-flow\">\n<div class=\"wp-block-group is-layout-constrained wp-block-group-is-layout-constrained\">\n<figure class=\"wp-block-image size-full\"><a href=\"https:\/\/sepa.dyndns.biz\/wedding\/drohnenbilder\/\"><img loading=\"lazy\" decoding=\"async\" width=\"600\" height=\"800\" src=\"https:\/\/sepa.dyndns.biz\/wedding\/wp-content\/uploads\/2024\/11\/drohnenbilder.jpg\" alt=\"\" class=\"wp-image-118\"\/><\/a><\/figure>\n\n\n\n<h3 class=\"wp-block-heading\" style=\"margin-top:16px\">Drohnenbilder<\/h3>\n\n\n\n<div class=\"wp-block-buttons is-layout-flex wp-block-buttons-is-layout-flex\">\n<div class=\"wp-block-button\"><a class=\"wp-block-button__link wp-element-button\" href=\"https:\/\/sepa.dyndns.biz\/wedding\/drohnenbilder\/Drohne.zip\">Alle Bilder als ZIP-Datei downloaden<\/a><\/div>\n<\/div>\n<\/div>\n<\/div>\n\n\n\n<div class=\"wp-block-column is-layout-flow wp-container-core-column-is-layout-9 wp-block-column-is-layout-flow\">\n<div class=\"wp-block-group is-layout-constrained wp-block-group-is-layout-constrained\">\n<figure class=\"wp-block-image size-full\"><a href=\"https:\/\/sepa.dyndns.biz\/wedding\/gaestebilder\/\"><img loading=\"lazy\" decoding=\"async\" width=\"600\" height=\"800\" src=\"https:\/\/sepa.dyndns.biz\/wedding\/wp-content\/uploads\/2024\/11\/Gaestebilder.jpg\" alt=\"\" class=\"wp-image-57\"\/><\/a><\/figure>\n\n\n\n<h3 class=\"wp-block-heading\" style=\"margin-top:16px\">Bilder von G\u00e4sten<\/h3>\n\n\n\n<div class=\"wp-block-buttons is-layout-flex wp-block-buttons-is-layout-flex\">\n<div class=\"wp-block-button\"><a class=\"wp-block-button__link wp-element-button\">Alle Bilder als ZIP-Datei downloaden<\/a><\/div>\n<\/div>\n<\/div>\n<\/div>\n<\/div>\n\n\n\n<div class=\"wp-block-columns is-layout-flex wp-container-core-columns-is-layout-4 wp-block-columns-is-layout-flex\">\n<div class=\"wp-block-column is-layout-flow wp-container-core-column-is-layout-10 wp-block-column-is-layout-flow\">\n<div class=\"wp-block-group is-layout-constrained wp-block-group-is-layout-constrained\">\n<figure class=\"wp-block-image size-full\"><a href=\"https:\/\/sepa.dyndns.biz\/wedding\/fotobox\/\"><img loading=\"lazy\" decoding=\"async\" width=\"600\" height=\"800\" src=\"https:\/\/sepa.dyndns.biz\/wedding\/wp-content\/uploads\/2024\/11\/fotobox.jpg\" alt=\"\" class=\"wp-image-114\"\/><\/a><\/figure>\n\n\n\n<h3 class=\"wp-block-heading\" style=\"margin-top:16px\">Fotobox<\/h3>\n\n\n\n<div class=\"wp-block-buttons is-layout-flex wp-block-buttons-is-layout-flex\">\n<div class=\"wp-block-button is-style-fill\"><a class=\"wp-block-button__link wp-element-button\" href=\"https:\/\/sepa.dyndns.biz\/wedding\/fotobox\/fotobox.zip\">Alle Bilder als ZIP-Datei downloaden<\/a><\/div>\n<\/div>\n<\/div>\n<\/div>\n\n\n\n<div class=\"wp-block-column is-layout-flow wp-container-core-column-is-layout-11 wp-block-column-is-layout-flow\">\n<div class=\"wp-block-group is-layout-constrained wp-block-group-is-layout-constrained\">\n<figure class=\"wp-block-image size-full\"><a href=\"https:\/\/sepa.dyndns.biz\/wedding\/gruppenbilder\/\"><img loading=\"lazy\" decoding=\"async\" width=\"600\" height=\"800\" src=\"https:\/\/sepa.dyndns.biz\/wedding\/wp-content\/uploads\/2024\/11\/gruppenbilder.jpg\" alt=\"\" class=\"wp-image-139\"\/><\/a><\/figure>\n\n\n\n<h3 class=\"wp-block-heading\" style=\"margin-top:16px\">Gruppenbilder<\/h3>\n\n\n\n<div class=\"wp-block-buttons is-layout-flex wp-block-buttons-is-layout-flex\">\n<div class=\"wp-block-button\"><a class=\"wp-block-button__link wp-element-button\" href=\"https:\/\/sepa.dyndns.biz\/wedding\/gruppenbilder\/gruppenbilder.zip\">Alle Bilder als ZIP-Datei downloaden<\/a><\/div>\n<\/div>\n<\/div>\n<\/div>\n\n\n\n<div class=\"wp-block-column is-layout-flow wp-container-core-column-is-layout-12 wp-block-column-is-layout-flow\">\n<div class=\"wp-block-group is-layout-constrained wp-block-group-is-layout-constrained\">\n<figure class=\"wp-block-image size-full\"><a href=\"https:\/\/sepa.dyndns.biz\/wedding\/ambientebilder\/\"><img loading=\"lazy\" decoding=\"async\" width=\"600\" height=\"800\" src=\"https:\/\/sepa.dyndns.biz\/wedding\/wp-content\/uploads\/2024\/11\/ambientebilder.jpg\" alt=\"\" class=\"wp-image-141\"\/><\/a><\/figure>\n\n\n\n<h3 class=\"wp-block-heading\" style=\"margin-top:16px\">Ambiente<\/h3>\n\n\n\n<div class=\"wp-block-buttons is-layout-flex wp-block-buttons-is-layout-flex\">\n<div class=\"wp-block-button\"><a class=\"wp-block-button__link wp-element-button\" href=\"https:\/\/sepa.dyndns.biz\/wedding\/ambientebilder\/ambiente.zip\">Alle Bilder als ZIP-Datei downloaden<\/a><\/div>\n<\/div>\n<\/div>\n<\/div>\n<\/div>\n<\/div>\n","protected":false},"excerpt":{"rendered":"<p>Unsere Hochzeit Liebe G\u00e4ste, wir m\u00f6chten uns herzlich bei euch bedanken, dass ihr diesen sch\u00f6nen Tag mit uns auf der Burg Reichenstein gefeiert habt. Unten findet ihr das Video unserer freien Trauung, dem Hochzeitstanz und eine Auswahl der sch\u00f6nsten Fotos unserer Hochzeit. Au\u00dferdem sind darunter unsere drei Bildergalerien mit allen Bildern und die Option diese [&hellip;]<\/p>\n","protected":false},"author":1,"featured_media":0,"parent":0,"menu_order":0,"comment_status":"closed","ping_status":"closed","template":"","meta":{"footnotes":""},"_links":{"self":[{"href":"https:\/\/sepa.dyndns.biz\/wedding\/index.php\/wp-json\/wp\/v2\/pages\/25"}],"collection":[{"href":"https:\/\/sepa.dyndns.biz\/wedding\/index.php\/wp-json\/wp\/v2\/pages"}],"about":[{"href":"https:\/\/sepa.dyndns.biz\/wedding\/index.php\/wp-json\/wp\/v2\/types\/page"}],"author":[{"embeddable":true,"href":"https:\/\/sepa.dyndns.biz\/wedding\/index.php\/wp-json\/wp\/v2\/users\/1"}],"replies":[{"embeddable":true,"href":"https:\/\/sepa.dyndns.biz\/wedding\/index.php\/wp-json\/wp\/v2\/comments?post=25"}],"version-history":[{"count":67,"href":"https:\/\/sepa.dyndns.biz\/wedding\/index.php\/wp-json\/wp\/v2\/pages\/25\/revisions"}],"predecessor-version":[{"id":171,"href":"https:\/\/sepa.dyndns.biz\/wedding\/index.php\/wp-json\/wp\/v2\/pages\/25\/revisions\/171"}],"wp:attachment":[{"href":"https:\/\/sepa.dyndns.biz\/wedding\/index.php\/wp-json\/wp\/v2\/media?parent=25"}],"curies":[{"name":"wp","href":"https:\/\/api.w.org\/{rel}","templated":true}]}}